{"id":833,"date":"2024-11-20T09:56:07","date_gmt":"2024-11-20T07:56:07","guid":{"rendered":"https:\/\/koodariverstas.memorylab.fi\/?page_id=833"},"modified":"2025-05-13T13:22:09","modified_gmt":"2025-05-13T10:22:09","slug":"tietoa-meista-2","status":"publish","type":"page","link":"https:\/\/koodariverstas.memorylab.fi\/?page_id=833","title":{"rendered":"Tietoa meist\u00e4"},"content":{"rendered":"<div  class=\"tpgb-container-row tpgb-block-3caf_833    alignwide  tpgb-container-inline  tpgb-container-wide \" data-id=\"3caf_833 \"   ><div class=\"tpgb-cont-in\">\n\n<div class=\"tpgb-pro-paragraph tpgb-block-761c_833\"><div class=\"pro-paragraph-inner\"><span>Tietoa meist\u00e4<\/span><\/div><\/div>\n\n\n<div  class=\"tpgb-wrap-84db_833  alignfull \"  ><div id=\"plus84db_833\" class=\"tpgb-creative-image tpgb-relative-block tpgb-block-84db_833  alignfull\"><div class=\"tpgb-anim-img-parallax tpgb-relative-block\" ><div class=\"tpgb-animate-image bg-image84db_833 text-center \" ><figure><div class=\"tpgb-creative-img-wrap \" ><img loading=\"lazy\" decoding=\"async\" width=\"300\" height=\"145\" src=\"https:\/\/koodariverstas.memorylab.fi\/wp-content\/uploads\/2024\/11\/845b8ce2811585c1ac8cd62033c7daff-300x145.png\" class=\"hover__img info_img\" alt=\"845b8ce2811585c1ac8cd62033c7daff.png\" srcset=\"https:\/\/koodariverstas.memorylab.fi\/wp-content\/uploads\/2024\/11\/845b8ce2811585c1ac8cd62033c7daff-300x145.png 300w, https:\/\/koodariverstas.memorylab.fi\/wp-content\/uploads\/2024\/11\/845b8ce2811585c1ac8cd62033c7daff.png 432w\" sizes=\"auto, (max-width: 300px) 100vw, 300px\" \/><\/div><\/figure><\/div><\/div><\/div><\/div>\n\n\n<div class=\"wp-block-group has-border-color has-base-2-background-color has-background has-global-padding is-layout-constrained wp-container-core-group-is-layout-b5181c9a wp-block-group-is-layout-constrained\" style=\"border-color:#0ff7b5;border-width:2px;border-radius:25px;margin-top:var(--wp--preset--spacing--20);margin-bottom:var(--wp--preset--spacing--20);padding-top:var(--wp--preset--spacing--40);padding-right:var(--wp--preset--spacing--40);padding-bottom:var(--wp--preset--spacing--40);padding-left:var(--wp--preset--spacing--40)\">\n<div class=\"tpgb-pro-paragraph tpgb-block-5b4a_833\"><div class=\"pro-paragraph-inner\"><span>Yrityksille<\/span><\/div><\/div>\n\n\n\n<div class=\"tpgb-pro-paragraph tpgb-block-b9ae_833\"><div class=\"pro-paragraph-inner\"><p>Yritykset saavat mahdollisuuden ulkoistaa ei-kriittisi\u00e4 projekteja osaaville ja motivoituneille tiimeille, jotka toimivat yrityksen kehitystiimin rinnalla. <br>Yritykset p\u00e4\u00e4sev\u00e4t tutustumaan pian valmistuviin opiskelijoihin, jotka tarvitsevat ty\u00f6paikan valmistumisensa j\u00e4lkeen. <br>T\u00e4m\u00e4 mahdollistaa tehokkaan rekrytoinnin jo valmiiksi osaaviksi todistettujen opiskelijoiden joukosta. Pienten yritysten on helpompaa rekrytoida opiskelija, jos opiskelija on jo aikaisemmin toteuttanut yritykselle toimivan ratkaisun.<\/p><\/div><\/div>\n<\/div>\n\n\n\n<div class=\"wp-block-group has-border-color has-base-2-background-color has-background has-global-padding is-layout-constrained wp-container-core-group-is-layout-c3cf5372 wp-block-group-is-layout-constrained\" style=\"border-color:#0ff7b5;border-width:2px;border-radius:25px;margin-top:var(--wp--preset--spacing--20);margin-bottom:var(--wp--preset--spacing--20);padding-top:var(--wp--preset--spacing--40);padding-right:var(--wp--preset--spacing--40);padding-bottom:var(--wp--preset--spacing--40);padding-left:var(--wp--preset--spacing--40)\">\n<div class=\"tpgb-pro-paragraph tpgb-block-50a6_833\"><div class=\"pro-paragraph-inner\"><span>Opiskelijoille<\/span><\/div><\/div>\n\n\n\n<div class=\"tpgb-pro-paragraph tpgb-block-d7a4_833\"><div class=\"pro-paragraph-inner\"><p>Koodariverstas antaa opiskelijoille mahdollisuuden tutustua oikeisiin ty\u00f6ymp\u00e4rist\u00f6ihin ohjelmistoalalla ja antaa opiskelijoille mahdollisuuden todistaa osaamistaan mahdollisille ty\u00f6nantajille. <br>Koodariverstaassa opiskelijoilla on my\u00f6s mahdollisuus tutustua ty\u00f6skentelyyn osana tiimi\u00e4, ja oppivat miten ohjelmistokehitys toimii yritysmaailmassa. <br><br>Kehitystiimit, jotka ovat toteuttaneet toimeksiannon saavat sertifikaatin, joka todistaa heid\u00e4n osaamisensa sek\u00e4 kertoo tarkemmin miss\u00e4 roolissa kukin opiskelija on onnistunut. Opiskelijat saavat my\u00f6s mahdollisuuden luoda kontakteja heit\u00e4 kiinnostaviin yrityksiin.<\/p><\/div><\/div>\n<\/div>\n\n\n\n<div class=\"wp-block-group has-border-color has-base-2-background-color has-background is-layout-flow wp-container-core-group-is-layout-8651c4ae wp-block-group-is-layout-flow\" style=\"border-color:#0ff7b5;border-width:2px;border-radius:25px;margin-top:var(--wp--preset--spacing--20);margin-bottom:var(--wp--preset--spacing--20);padding-top:var(--wp--preset--spacing--40);padding-right:var(--wp--preset--spacing--40);padding-bottom:var(--wp--preset--spacing--40);padding-left:var(--wp--preset--spacing--40)\">\n<div class=\"tpgb-pro-paragraph tpgb-block-cde5_833\"><div class=\"pro-paragraph-inner\"><p>Koodariverstas<\/p><\/div><\/div>\n\n\n\n<div class=\"tpgb-pro-paragraph tpgb-block-1fdb_833\"><div class=\"pro-paragraph-inner\"><p>Koodariverstas-hanke parantaa ohjelmistoalan opiskelijoiden ty\u00f6llistymismahdollisuuksia tarjoamalla k\u00e4yt\u00e4nn\u00f6n kokemusta ja ty\u00f6el\u00e4m\u00e4yhteyksi\u00e4. Yritykset hy\u00f6tyv\u00e4t lis\u00e4\u00e4ntyneest\u00e4 yhteisty\u00f6st\u00e4 ja saavat osaavaa ty\u00f6voimaa, mik\u00e4 vahvistaa niiden kilpailukyky\u00e4. Hanke edist\u00e4\u00e4 Etel\u00e4-Savon digitalisaatiota ja tukee alueen talouskasvua sek\u00e4 innovaatioita.<\/p><\/div><\/div>\n\n\n\n<div class=\"tpgb-pro-paragraph tpgb-block-5184_833\"><div class=\"pro-paragraph-inner\"><p>Koodariverstas-hankkeessa luodaan opiskelijoille ammattimainen toimintaymp\u00e4rist\u00f6, jossa he voivat ty\u00f6skennell\u00e4 aidoissa yritysprojekteissa ja kehitt\u00e4\u00e4 k\u00e4yt\u00e4nn\u00f6n taitojaan.<br><br><br><br>Hankkeessa luodaan my\u00f6s selke\u00e4 palvelurajapinta yrityksille helpottamaan toimeksiantojen antamista ja yhteisty\u00f6t\u00e4 opiskelijoiden kanssa.<\/p><\/div><\/div>\n\n\n<div  class=\"tpgb-container-row tpgb-block-289d_833    alignwide  tpgb-container-inline  tpgb-container-wide \" data-id=\"289d_833 \"   ><div class=\"tpgb-cont-in\">\n\n<div class=\"wp-block-group has-border-color is-vertical is-content-justification-center is-layout-flex wp-container-core-group-is-layout-50a6feab wp-block-group-is-layout-flex\" style=\"border-color:#0ff7b5;border-width:2px;border-radius:25px;margin-top:var(--wp--preset--spacing--10);margin-bottom:var(--wp--preset--spacing--10);padding-top:var(--wp--preset--spacing--10);padding-right:var(--wp--preset--spacing--10);padding-bottom:var(--wp--preset--spacing--10);padding-left:var(--wp--preset--spacing--10)\">\n<div class=\"tpgb-pro-paragraph tpgb-block-29ae_833\"><div class=\"pro-paragraph-inner\"><p>Projektip\u00e4\u00e4llikk\u00f6\n<\/p><\/div><\/div>\n\n\n\n<div class=\"tpgb-pro-paragraph tpgb-block-cf91_833\"><div class=\"pro-paragraph-inner\"><p>Terhi Patja<\/p><\/div><\/div>\n\n\n\n<div class=\"tpgb-pro-paragraph tpgb-block-9daa_833\"><div class=\"pro-paragraph-inner\"><p>Terhi.Patja@xamk.fi<\/p><\/div><\/div>\n\n\n\n<div class=\"tpgb-pro-paragraph tpgb-block-24d3_833\"><div class=\"pro-paragraph-inner\"><p>Mikkeli kampus<\/p><\/div><\/div>\n\n\n\n<div class=\"tpgb-pro-paragraph tpgb-block-36ae_833\"><div class=\"pro-paragraph-inner\"><p>050 440 8655<\/p><\/div><\/div>\n\n\n\n<div class=\"tpgb-pro-paragraph tpgb-block-135a_833\"><div class=\"pro-paragraph-inner\"><p>Patteristonkatu 3, 50100 Mikkeli<\/p><\/div><\/div>\n<\/div>\n\n\n\n<div class=\"wp-block-group has-border-color is-vertical is-content-justification-center is-nowrap is-layout-flex wp-container-core-group-is-layout-aa46301c wp-block-group-is-layout-flex\" style=\"border-color:#0ff7b5;border-width:2px;border-radius:25px;margin-top:var(--wp--preset--spacing--10);margin-bottom:var(--wp--preset--spacing--10);padding-top:var(--wp--preset--spacing--10);padding-right:var(--wp--preset--spacing--10);padding-bottom:var(--wp--preset--spacing--10);padding-left:var(--wp--preset--spacing--10)\">\n<div class=\"tpgb-pro-paragraph tpgb-block-bf33_833\"><div class=\"pro-paragraph-inner\"><p>TKI-asiantuntija<br><\/p><\/div><\/div>\n\n\n\n<div class=\"tpgb-pro-paragraph tpgb-block-c2e2_833\"><div class=\"pro-paragraph-inner\"><p>Niko Laurila<\/p><\/div><\/div>\n\n\n\n<div class=\"tpgb-pro-paragraph tpgb-block-8e2f_833\"><div class=\"pro-paragraph-inner\"><p>Niko.Laurila@xamk.fi<\/p><\/div><\/div>\n\n\n\n<div class=\"tpgb-pro-paragraph tpgb-block-9014_833\"><div class=\"pro-paragraph-inner\"><p>Mikkeli kampus<\/p><\/div><\/div>\n\n\n\n<div class=\"tpgb-pro-paragraph tpgb-block-6ecf_833\"><div class=\"pro-paragraph-inner\"><p>050 598 6860<\/p><\/div><\/div>\n\n\n\n<div class=\"tpgb-pro-paragraph tpgb-block-2bd1_833\"><div class=\"pro-paragraph-inner\"><p>Patteristonkatu 3, 50100 Mikkeli<\/p><\/div><\/div>\n<\/div>\n\n<\/div><\/div>\n\n\n<div class=\"tpgb-pro-paragraph tpgb-block-7541_833\"><div class=\"pro-paragraph-inner\"><p>Koodariverstas-hanke info:<\/p><\/div><\/div>\n\n\n\n<div class=\"tpgb-pro-paragraph tpgb-block-22ba_833\"><div class=\"pro-paragraph-inner\"><p><a href=\"https:\/\/www.xamk.fi\/hanke\/koodariverstas\/\" target=\"_blank\" rel=\"noreferrer noopener\"><strong>Koodariverstas-hanke<\/strong><\/a><\/p><\/div><\/div>\n\n\n\n<div class=\"wp-block-tpgb-tp-button-core tp-button-core tpgb-block-6c93_833\"><a href=\"https:\/\/koodariverstas.memorylab.fi\/?page_id=1799\" target=\"_self\" rel=\"follow noopener\" class=\"tpgb-btn-link\"><span class=\"tpgb-btn-wrap\"><span class=\"tpgb-btn-txt\">Hanketiedot<\/span><\/span><\/a><\/div>\n<\/div>\n\n\n<div  class=\"tpgb-container-row tpgb-block-96fb_833    alignwide  tpgb-container-inline  tpgb-container-wide \" data-id=\"96fb_833 \"   ><div class=\"tpgb-cont-in\">\n<div  class=\"tpgb-container-row tpgb-block-c28b_833    alignwide  tpgb-container-inline  tpgb-container-wide \" data-id=\"c28b_833 \"   ><div class=\"tpgb-cont-in\">\n\n<div class=\"tpgb-pro-paragraph tpgb-block-487e_833\"><div class=\"pro-paragraph-inner\"><p>Yhteystiedot<\/p><\/div><\/div>\n\n\n<div  class=\"tpgb-container-row tpgb-block-4b3f_833    alignwide  tpgb-container-inline  tpgb-container-wide \" data-id=\"4b3f_833 \"   ><div class=\"tpgb-cont-in\">\n<div  class=\"tpgb-container-row tpgb-block-ee2e_833    alignwide  tpgb-container-inline  tpgb-container-wide \" data-id=\"ee2e_833 \"   ><div class=\"tpgb-cont-in\">\n<div  class=\"tpgb-container-row tpgb-block-76df_833    alignwide  tpgb-container-inline  tpgb-container-wide \" data-id=\"76df_833 \"   ><div class=\"tpgb-cont-in\">\n\n<div class=\"tpgb-pro-paragraph tpgb-block-f7e2_833\"><div class=\"pro-paragraph-inner\"><p>Mikkeli kampus<\/p><\/div><\/div>\n\n\n\n<div class=\"tpgb-pro-paragraph tpgb-block-91eb_833\"><div class=\"pro-paragraph-inner\"><p>Kaakkois-Suomen ammattikorkeakoulu<br>Patteristonkatu 3, 50100 Mikkeli<br>Vieraspys\u00e4k\u00f6inti: Ratsurinkuja <br><a href=\"https:\/\/www.xamk.fi\/app\/uploads\/sites\/2\/2024\/07\/Mikkeli_kampus.pdf\" target=\"_blank\" rel=\"noreferrer noopener\">Tutustu kampuskarttaan t\u00e4st\u00e4<\/a><\/p><\/div><\/div>\n\n<\/div><\/div>\n\n\n<div class=\"wp-block-columns is-layout-flex wp-container-core-columns-is-layout-c8974df5 wp-block-columns-is-layout-flex\" style=\"border-style:none;border-width:0px;border-radius:9px;margin-top:var(--wp--preset--spacing--10);margin-bottom:var(--wp--preset--spacing--10);padding-top:var(--wp--preset--spacing--10);padding-bottom:var(--wp--preset--spacing--10)\">\n<div class=\"wp-block-column is-layout-flow wp-block-column-is-layout-flow\"><\/div>\n<\/div>\n\n\n<div  class=\"tpgb-container-row tpgb-block-910f_833    alignwide  tpgb-container-inline  tpgb-container-wide \" data-id=\"910f_833 \"   ><div class=\"tpgb-cont-in\">\n\t\t<div\n            id=\"wpmapblock_aaa98b90\"\n            data-settings='{&quot;map_marker&quot;:[{&quot;id&quot;:&quot;0&quot;,&quot;lat&quot;:&quot;61.680671572819&quot;,&quot;lng&quot;:&quot;27.25682258606&quot;,&quot;title&quot;:&quot;Mikkelin kampus&quot;,&quot;content&quot;:&quot;Mikkelin kampuksen M-rakennus&quot;,&quot;iconType&quot;:&quot;default&quot;,&quot;customIconUrl&quot;:&quot;&quot;,&quot;customIconWidth&quot;:&quot;25&quot;,&quot;customIconHeight&quot;:&quot;40&quot;}],&quot;map_zoom&quot;:&quot;14&quot;,&quot;scroll_wheel_zoom&quot;:false,&quot;map_type&quot;:&quot;GM&quot;,&quot;center_index&quot;:0}'\n            class=\"wpmapblockrender\"\n            style=\"\n\t\t\twidth: 100%;\n\t\t\theight: 600px;\n\t\t\"\n            >\n        <\/div>\n        \n<\/div><\/div>\n\n\n<div class=\"wp-block-columns is-layout-flex wp-container-core-columns-is-layout-f369e703 wp-block-columns-is-layout-flex\" style=\"border-style:none;border-width:0px;border-radius:9px;margin-top:var(--wp--preset--spacing--10);margin-bottom:var(--wp--preset--spacing--10)\">\n<div class=\"wp-block-column is-layout-flow wp-container-core-column-is-layout-25617bdb wp-block-column-is-layout-flow\" style=\"padding-top:var(--wp--preset--spacing--10);padding-right:var(--wp--preset--spacing--20);padding-bottom:var(--wp--preset--spacing--10);padding-left:var(--wp--preset--spacing--20)\">\n<div class=\"tpgb-pro-paragraph tpgb-block-a5e3_833\"><div class=\"pro-paragraph-inner\"><p>Ota yhteytt\u00e4 koodariverstaaseen!<\/p><\/div><\/div>\n\n\n\n<div class=\"tpgb-pro-paragraph tpgb-block-929d_833\"><div class=\"pro-paragraph-inner\"><p>Oletko opiskelija, joka on kiinnostunut harjoittelupaikasta tai opinn\u00e4ytepaikasta?<br><br>Oletko yritt\u00e4j\u00e4, joka etsii tekij\u00e4\u00e4 toimeksiannolle?<br><br>Meilt\u00e4 l\u00f6ytyy ratkaisut yritt\u00e4jille sek\u00e4 opiskelijoille, joista molemmat osapuolet hy\u00f6tyv\u00e4t. <br><br>Voit ottaa yhteytt\u00e4 sivulla olevan lomakkeen kautta tai laittamalla s\u00e4hk\u00f6postia osoitteeseen: <strong>koodariverstas@xamk.fi<\/strong><\/p><\/div><\/div>\n\n\n\n<div class=\"tpgb-pro-paragraph tpgb-block-e769_833\"><\/div>\n<\/div>\n<\/div>\n\n<\/div><\/div>\n<\/div><\/div>\n\n<div  class=\"tpgb-container-row tpgb-block-87c8_833    alignwide  tpgb-container-inline  tpgb-container-wide \" data-id=\"87c8_833 \"   ><div class=\"tpgb-cont-in\">\n\n<div class=\"tpgb-pro-paragraph tpgb-block-347a_833\"><div class=\"pro-paragraph-inner\"><p>Yhteydenottolomake<\/p><\/div><\/div>\n\n<\/div><\/div>\n<\/div><\/div>\n\n\n<div class=\"wp-block-group has-global-padding is-layout-constrained wp-container-core-group-is-layout-2f77ce61 wp-block-group-is-layout-constrained\" style=\"margin-top:var(--wp--preset--spacing--20);margin-bottom:var(--wp--preset--spacing--20);padding-right:0;padding-left:0\">\n<div class=\"wp-block-group has-border-color has-base-2-background-color has-background has-global-padding is-content-justification-center is-layout-constrained wp-container-core-group-is-layout-5a2e1646 wp-block-group-is-layout-constrained\" style=\"border-color:#030098;border-width:2px;border-radius:25px;padding-top:var(--wp--preset--spacing--40);padding-right:var(--wp--preset--spacing--40);padding-bottom:var(--wp--preset--spacing--40);padding-left:var(--wp--preset--spacing--40);background-image:url(&apos;https:\/\/koodariverstas.memorylab.fi\/wp-content\/uploads\/2024\/11\/f98a90ee836447ef8d84efb8a728f29a.png&apos;);background-position:88% 20%;background-size:cover;\"><style id=\"wpforms-css-vars-369-block-851cc43b-106b-4a12-9eb5-1eb2ae96e92b\">\n\t\t\t\t#wpforms-369.wpforms-block-851cc43b-106b-4a12-9eb5-1eb2ae96e92b {\n\t\t\t\t--wpforms-field-border-size: 2px;\n--wpforms-field-border-radius: 25px;\n--wpforms-field-background-color: #f5f4f5;\n--wpforms-field-border-color: #111111;\n--wpforms-field-border-color-spare: #111111;\n--wpforms-button-border-style: solid;\n--wpforms-button-border-size: 2px;\n--wpforms-button-border-radius: 25px;\n--wpforms-button-background-color: #f5f4f5;\n--wpforms-button-text-color: #111111;\n--wpforms-button-border-color: #111111;\n--wpforms-field-size-input-height: 43px;\n--wpforms-field-size-input-spacing: 15px;\n--wpforms-field-size-font-size: 16px;\n--wpforms-field-size-line-height: 19px;\n--wpforms-field-size-padding-h: 14px;\n--wpforms-field-size-checkbox-size: 16px;\n--wpforms-field-size-sublabel-spacing: 5px;\n--wpforms-field-size-icon-size: 1;\n--wpforms-label-size-font-size: 16px;\n--wpforms-label-size-line-height: 19px;\n--wpforms-label-size-sublabel-font-size: 14px;\n--wpforms-label-size-sublabel-line-height: 17px;\n--wpforms-button-size-font-size: 17px;\n--wpforms-button-size-height: 41px;\n--wpforms-button-size-padding-h: 15px;\n--wpforms-button-size-margin-top: 10px;\n\t\t\t}\n\t\t\t<\/style><div class=\"wpforms-container wpforms-container-full wpforms-block wpforms-block-851cc43b-106b-4a12-9eb5-1eb2ae96e92b wpforms-render-modern\" id=\"wpforms-369\"><form id=\"wpforms-form-369\" class=\"wpforms-validate wpforms-form wpforms-ajax-form\" data-formid=\"369\" method=\"post\" enctype=\"multipart\/form-data\" action=\"\/index.php?rest_route=%2Fwp%2Fv2%2Fpages%2F833\" data-token=\"1b489329327865d57e62bd6e79537ee3\" data-token-time=\"1777497557\"><noscript class=\"wpforms-error-noscript\">Please enable JavaScript in your browser to complete this form.<\/noscript><div id=\"wpforms-error-noscript\" style=\"display: none;\">Please enable JavaScript in your browser to complete this form.<\/div><div class=\"wpforms-field-container\"><div id=\"wpforms-369-field_0-container\" class=\"wpforms-field wpforms-field-name\" data-field-id=\"0\"><fieldset><legend class=\"wpforms-field-label\">Nimi <span class=\"wpforms-required-label\" aria-hidden=\"true\">*<\/span><\/legend><div class=\"wpforms-field-row wpforms-field-medium\"><div class=\"wpforms-field-row-block wpforms-first wpforms-one-half\"><input type=\"text\" id=\"wpforms-369-field_0\" class=\"wpforms-field-name-first wpforms-field-required\" name=\"wpforms[fields][0][first]\" aria-errormessage=\"wpforms-369-field_0-error\" required><label for=\"wpforms-369-field_0\" class=\"wpforms-field-sublabel after\">First<\/label><\/div><div class=\"wpforms-field-row-block wpforms-one-half\"><input type=\"text\" id=\"wpforms-369-field_0-last\" class=\"wpforms-field-name-last wpforms-field-required\" name=\"wpforms[fields][0][last]\" aria-errormessage=\"wpforms-369-field_0-last-error\" required><label for=\"wpforms-369-field_0-last\" class=\"wpforms-field-sublabel after\">Last<\/label><\/div><\/div><\/fieldset><\/div>\t\t<div id=\"wpforms-369-field_3-container\"\n\t\t\tclass=\"wpforms-field wpforms-field-text\"\n\t\t\tdata-field-type=\"text\"\n\t\t\tdata-field-id=\"3\"\n\t\t\t>\n\t\t\t<label class=\"wpforms-field-label\" for=\"wpforms-369-field_3\" >Yritys Nimi Toimeksianto\/Kysely<\/label>\n\t\t\t<input type=\"text\" id=\"wpforms-369-field_3\" class=\"wpforms-field-medium\" name=\"wpforms[fields][3]\" >\n\t\t<\/div>\n\t\t<div id=\"wpforms-369-field_1-container\" class=\"wpforms-field wpforms-field-email\" data-field-id=\"1\"><fieldset><legend class=\"wpforms-field-label\">S\u00e4hk\u00f6posti <span class=\"wpforms-required-label\" aria-hidden=\"true\">*<\/span><\/legend><div class=\"wpforms-field-row wpforms-field-medium\"><div class=\"wpforms-field-row-block wpforms-one-half wpforms-first\"><input type=\"email\" id=\"wpforms-369-field_1\" class=\"wpforms-field-required wpforms-field-email-primary\" name=\"wpforms[fields][1][primary]\" spellcheck=\"false\" aria-errormessage=\"wpforms-369-field_1-error\" required><label for=\"wpforms-369-field_1\" class=\"wpforms-field-sublabel after\">Email<\/label><\/div><div class=\"wpforms-field-row-block wpforms-one-half\"><input type=\"email\" id=\"wpforms-369-field_1-secondary\" class=\"wpforms-field-email-secondary wpforms-field-required\" data-rule-confirm=\"#wpforms-369-field_1\" name=\"wpforms[fields][1][secondary]\" spellcheck=\"false\" aria-errormessage=\"wpforms-369-field_1-secondary-error\" required><label for=\"wpforms-369-field_1-secondary\" class=\"wpforms-field-sublabel after\">Confirm Email<\/label><\/div><\/div><\/fieldset><\/div><div id=\"wpforms-369-field_4-container\" class=\"wpforms-field wpforms-field-text\" data-field-id=\"4\"><label class=\"wpforms-field-label\" for=\"wpforms-369-field_4\">Yritys<\/label><input type=\"text\" id=\"wpforms-369-field_4\" class=\"wpforms-field-medium\" name=\"wpforms[fields][4]\" aria-errormessage=\"wpforms-369-field_4-error\" aria-describedby=\"wpforms-369-field_4-description\" ><div id=\"wpforms-369-field_4-description\" class=\"wpforms-field-description\">Lis\u00e4\u00e4 yrityksesi nimi<\/div><\/div><div id=\"wpforms-369-field_2-container\" class=\"wpforms-field wpforms-field-textarea\" data-field-id=\"2\"><label class=\"wpforms-field-label\" for=\"wpforms-369-field_2\">Toimeksianto\/Kysely <span class=\"wpforms-required-label\" aria-hidden=\"true\">*<\/span><\/label><textarea id=\"wpforms-369-field_2\" class=\"wpforms-field-medium wpforms-field-required\" name=\"wpforms[fields][2]\" aria-errormessage=\"wpforms-369-field_2-error\" required><\/textarea><\/div><script>\n\t\t\t\t( function() {\n\t\t\t\t\tconst style = document.createElement( 'style' );\n\t\t\t\t\tstyle.appendChild( document.createTextNode( '#wpforms-369-field_3-container { position: absolute !important; overflow: hidden !important; display: inline !important; height: 1px !important; width: 1px !important; z-index: -1000 !important; padding: 0 !important; } #wpforms-369-field_3-container input { visibility: hidden; } #wpforms-conversational-form-page #wpforms-369-field_3-container label { counter-increment: none; }' ) );\n\t\t\t\t\tdocument.head.appendChild( style );\n\t\t\t\t\tdocument.currentScript?.remove();\n\t\t\t\t} )();\n\t\t\t<\/script><\/div><!-- .wpforms-field-container --><div class=\"wpforms-submit-container\" ><input type=\"hidden\" name=\"wpforms[id]\" value=\"369\"><input type=\"hidden\" name=\"page_title\" value=\"\"><input type=\"hidden\" name=\"page_url\" value=\"https:\/\/koodariverstas.memorylab.fi\/index.php?rest_route=\/wp\/v2\/pages\/833\"><input type=\"hidden\" name=\"url_referer\" value=\"\"><button type=\"submit\" name=\"wpforms[submit]\" id=\"wpforms-submit-369\" class=\"wpforms-submit\" data-alt-text=\"L\u00e4hetet\u00e4\u00e4n...\" data-submit-text=\"L\u00e4het\u00e4\" aria-live=\"assertive\" value=\"wpforms-submit\">L\u00e4het\u00e4<\/button><img loading=\"lazy\" decoding=\"async\" src=\"https:\/\/koodariverstas.memorylab.fi\/wp-content\/plugins\/wpforms-lite\/assets\/images\/submit-spin.svg\" class=\"wpforms-submit-spinner\" style=\"display: none;\" width=\"26\" height=\"26\" alt=\"Loading\"><\/div><\/form><\/div>  <!-- .wpforms-container --><\/div>\n<\/div>\n\n<\/div><\/div>\n<\/div><\/div>","protected":false},"excerpt":{"rendered":"","protected":false},"author":5,"featured_media":0,"parent":0,"menu_order":0,"comment_status":"closed","ping_status":"closed","template":"wp-custom-template-koodariverstas-pohja-ilman-heroa-2","meta":{"tpgb_global_settings":"","footnotes":""},"class_list":["post-833","page","type-page","status-publish","hentry"],"tpgb_featured_images":null,"tpgb_post_meta_info":{"get_date":"20 November 2024","get_modified_date":"13 May 2025","author_name":"Niko Laurila","author_url":"https:\/\/koodariverstas.memorylab.fi\/?author=5","author_email":"niko.laurila@xamk.fi","author_website":"","author_description":"","author_facebook":"","author_twitter":"","author_instagram":"","author_role":["administrator"],"author_firstname":"Niko","author_lastname":"Laurila","user_login":"niko.laurila","author_avatar":"<img alt='' src='https:\/\/secure.gravatar.com\/avatar\/8dd369d5a127b99ee4d0f682d72b7c4542de6d18868c2e0a3a5d6cebf1e60f73?s=200&#038;d=mm&#038;r=g' srcset='https:\/\/secure.gravatar.com\/avatar\/8dd369d5a127b99ee4d0f682d72b7c4542de6d18868c2e0a3a5d6cebf1e60f73?s=400&#038;d=mm&#038;r=g 2x' class='avatar avatar-200 photo' height='200' width='200' loading='lazy' decoding='async'\/>","author_avatar_url":"https:\/\/secure.gravatar.com\/avatar\/8dd369d5a127b99ee4d0f682d72b7c4542de6d18868c2e0a3a5d6cebf1e60f73?s=96&d=mm&r=g","comment_count":0,"post_likes":0,"post_views":0},"tpgb_post_category":[],"_links":{"self":[{"href":"https:\/\/koodariverstas.memorylab.fi\/index.php?rest_route=\/wp\/v2\/pages\/833","targetHints":{"allow":["GET"]}}],"collection":[{"href":"https:\/\/koodariverstas.memorylab.fi\/index.php?rest_route=\/wp\/v2\/pages"}],"about":[{"href":"https:\/\/koodariverstas.memorylab.fi\/index.php?rest_route=\/wp\/v2\/types\/page"}],"author":[{"embeddable":true,"href":"https:\/\/koodariverstas.memorylab.fi\/index.php?rest_route=\/wp\/v2\/users\/5"}],"replies":[{"embeddable":true,"href":"https:\/\/koodariverstas.memorylab.fi\/index.php?rest_route=%2Fwp%2Fv2%2Fcomments&post=833"}],"version-history":[{"count":69,"href":"https:\/\/koodariverstas.memorylab.fi\/index.php?rest_route=\/wp\/v2\/pages\/833\/revisions"}],"predecessor-version":[{"id":1933,"href":"https:\/\/koodariverstas.memorylab.fi\/index.php?rest_route=\/wp\/v2\/pages\/833\/revisions\/1933"}],"wp:attachment":[{"href":"https:\/\/koodariverstas.memorylab.fi\/index.php?rest_route=%2Fwp%2Fv2%2Fmedia&parent=833"}],"curies":[{"name":"wp","href":"https:\/\/api.w.org\/{rel}","templated":true}]}}