{"id":814,"date":"2024-11-20T09:26:13","date_gmt":"2024-11-20T07:26:13","guid":{"rendered":"https:\/\/koodariverstas.memorylab.fi\/?page_id=814"},"modified":"2025-08-20T14:30:35","modified_gmt":"2025-08-20T11:30:35","slug":"kehittajille-2","status":"publish","type":"page","link":"https:\/\/koodariverstas.memorylab.fi\/?page_id=814","title":{"rendered":"Opiskelijoille"},"content":{"rendered":"\n<div class=\"tpgb-pro-paragraph tpgb-block-a542_814\"><div class=\"pro-paragraph-inner\"><p>Opiskelijoille<\/p><\/div><\/div>\n\n\n<div  class=\"tpgb-container-row tpgb-block-68d6_814    alignwide  tpgb-container-inline  tpgb-container-wide \" data-id=\"68d6_814 \"   ><div class=\"tpgb-cont-in\">\n<div  class=\"tpgb-container-row tpgb-block-0389_814    alignwide  tpgb-container-inline  tpgb-container-wide \" data-id=\"0389_814 \"   ><div class=\"tpgb-cont-in\">\n\n<div class=\"tpgb-pro-paragraph tpgb-block-4ea6_814\"><div class=\"pro-paragraph-inner\"><p>Koodariverstaan tavoitteena on mahdollistaa yritysten toimeksiantojen toteuttaminen opiskelijoiden toimesta. Koodariverstaassa opiskelijat toteuttavat yritysten j\u00e4tt\u00e4mi\u00e4 toimeksiantoja, ja n\u00e4in kerrytt\u00e4v\u00e4t kokemusta nykyaikaisten yritysmaailman haasteiden parissa. <br><br>Projekteja voi olla esimerkiksi yrityksen kotisivut, inventaario j\u00e4rjestelm\u00e4t, open source projektit ja muut ohjelmisto tuotteet. T\u00e4t\u00e4 kautta opiskelijat p\u00e4\u00e4sev\u00e4t tutustumaan yrityksiin, ja yritykset saavat ratkaisuita heit\u00e4 koskeviin pulmiin.<\/p><\/div><\/div>\n\n\n\n<div class=\"tpgb-pro-paragraph tpgb-block-fa32_814\"><div class=\"pro-paragraph-inner\"><p>Koodariverstas yll\u00e4pit\u00e4\u00e4 omaa wiki alustaa ohjelmistokehitt\u00e4jille. Wiki sis\u00e4lt\u00e4\u00e4 tarvittavaa tietoa kaikesta verstaan toiminnasta, sek\u00e4 ohjeistusta eri ty\u00f6vaiheiden toteuttamisessa.<\/p><\/div><\/div>\n\n\n\n<div class=\"wp-block-buttons is-content-justification-center is-layout-flex wp-container-core-buttons-is-layout-0fe1d89e wp-block-buttons-is-layout-flex\" style=\"margin-top:var(--wp--preset--spacing--40);margin-bottom:var(--wp--preset--spacing--10)\">\n<div class=\"wp-block-button is-style-outline is-style-outline--1\"><a class=\"wp-block-button__link has-contrast-color has-text-color has-link-color has-large-font-size has-custom-font-size wp-element-button\" href=\"https:\/\/xamkfi.github.io\/Koodariverstas-wikiplatform\/\" style=\"border-width:2px;border-radius:30px;padding-top:var(--wp--preset--spacing--10);padding-bottom:var(--wp--preset--spacing--10)\">Koodariverstas Wiki<\/a><\/div>\n<\/div>\n\n\n\n<div class=\"tpgb-pro-paragraph tpgb-block-0078_814\"><div class=\"pro-paragraph-inner\"><p>Koodariverstas etsii my\u00f6s tekij\u00f6it\u00e4 yritysten j\u00e4tt\u00e4miin toimeksiantoihin. Haettavissa olevat harjoittelupaikat yritsten toimeksiannoista l\u00f6yd\u00e4t alapuolella olevasta painikkeesta. <\/p><\/div><\/div>\n\n\n\n<div class=\"wp-block-tpgb-tp-button-core tp-button-core tpgb-block-10ee_814\"><a href=\"https:\/\/koodariverstas.memorylab.fi\/?page_id=2021\" target=\"_self\" rel=\"follow noopener\" class=\"tpgb-btn-link\"><span class=\"tpgb-btn-wrap\"><span class=\"tpgb-btn-txt\">Toimeksiannot<\/span><\/span><\/a><\/div>\n\n<\/div><\/div>\n<\/div><\/div>","protected":false},"excerpt":{"rendered":"","protected":false},"author":5,"featured_media":0,"parent":0,"menu_order":0,"comment_status":"closed","ping_status":"closed","template":"wp-custom-template-koodariverstas-pohja-ilman-heroa-2","meta":{"tpgb_global_settings":"","footnotes":""},"class_list":["post-814","page","type-page","status-publish","hentry"],"tpgb_featured_images":null,"tpgb_post_meta_info":{"get_date":"20 November 2024","get_modified_date":"20 August 2025","author_name":"Niko Laurila","author_url":"https:\/\/koodariverstas.memorylab.fi\/?author=5","author_email":"niko.laurila@xamk.fi","author_website":"","author_description":"","author_facebook":"","author_twitter":"","author_instagram":"","author_role":["administrator"],"author_firstname":"Niko","author_lastname":"Laurila","user_login":"niko.laurila","author_avatar":"<img alt='' src='https:\/\/secure.gravatar.com\/avatar\/8dd369d5a127b99ee4d0f682d72b7c4542de6d18868c2e0a3a5d6cebf1e60f73?s=200&#038;d=mm&#038;r=g' srcset='https:\/\/secure.gravatar.com\/avatar\/8dd369d5a127b99ee4d0f682d72b7c4542de6d18868c2e0a3a5d6cebf1e60f73?s=400&#038;d=mm&#038;r=g 2x' class='avatar avatar-200 photo' height='200' width='200' loading='lazy' decoding='async'\/>","author_avatar_url":"https:\/\/secure.gravatar.com\/avatar\/8dd369d5a127b99ee4d0f682d72b7c4542de6d18868c2e0a3a5d6cebf1e60f73?s=96&d=mm&r=g","comment_count":0,"post_likes":0,"post_views":0},"tpgb_post_category":[],"_links":{"self":[{"href":"https:\/\/koodariverstas.memorylab.fi\/index.php?rest_route=\/wp\/v2\/pages\/814","targetHints":{"allow":["GET"]}}],"collection":[{"href":"https:\/\/koodariverstas.memorylab.fi\/index.php?rest_route=\/wp\/v2\/pages"}],"about":[{"href":"https:\/\/koodariverstas.memorylab.fi\/index.php?rest_route=\/wp\/v2\/types\/page"}],"author":[{"embeddable":true,"href":"https:\/\/koodariverstas.memorylab.fi\/index.php?rest_route=\/wp\/v2\/users\/5"}],"replies":[{"embeddable":true,"href":"https:\/\/koodariverstas.memorylab.fi\/index.php?rest_route=%2Fwp%2Fv2%2Fcomments&post=814"}],"version-history":[{"count":36,"href":"https:\/\/koodariverstas.memorylab.fi\/index.php?rest_route=\/wp\/v2\/pages\/814\/revisions"}],"predecessor-version":[{"id":2039,"href":"https:\/\/koodariverstas.memorylab.fi\/index.php?rest_route=\/wp\/v2\/pages\/814\/revisions\/2039"}],"wp:attachment":[{"href":"https:\/\/koodariverstas.memorylab.fi\/index.php?rest_route=%2Fwp%2Fv2%2Fmedia&parent=814"}],"curies":[{"name":"wp","href":"https:\/\/api.w.org\/{rel}","templated":true}]}}