{"id":579,"date":"2024-11-15T15:54:15","date_gmt":"2024-11-15T13:54:15","guid":{"rendered":"https:\/\/koodariverstas.memorylab.fi\/?page_id=579"},"modified":"2025-05-16T12:09:03","modified_gmt":"2025-05-16T09:09:03","slug":"etusivu","status":"publish","type":"page","link":"https:\/\/koodariverstas.memorylab.fi\/","title":{"rendered":"Etusivu"},"content":{"rendered":"<div  class=\"tpgb-container-row tpgb-block-0e0f8637_579    alignfull  tpgb-container-inline  tpgb-container-full \" data-id=\"0e0f8637_579 \"   >\n<div  class=\"tpgb-container-row tpgb-block-eb2f4477_579    alignfull  tpgb-container-inline  tpgb-container-full \" data-id=\"eb2f4477_579 \"   >\n\n<span class=\"wp-block-tpgb-tp-heading tp-core-heading tpgb-block-6c439506_579  wp-block-heading\">Kaikki alkaa yhteydenotosta!<\/span>\n\n\n<div  class=\"tpgb-container-row tpgb-block-1a48f934_579    alignfull  tpgb-container-inline  tpgb-container-full \" data-id=\"1a48f934_579 \"   >\n\n<div class=\"tpgb-pro-paragraph tpgb-block-aa8758e5_579\"><div class=\"pro-paragraph-inner\"><p><br>Ota meihin yhteytt\u00e4 matalalla kynnyksell\u00e4 \u2013 vaikka sopivaa teht\u00e4v\u00e4\u00e4 tai projektia ei viel\u00e4 olisikaan mieless\u00e4. Vastaamme nopeasti ja sovimme tapaamisen, jossa kartoitamme yrityksesi tarpeet, tavoitteet ja toiveet. N\u00e4iden pohjalta rakennamme opiskelijoille sopivan toimeksiannon.<br><br>T\u00e4m\u00e4n j\u00e4lkeen etsimme teht\u00e4v\u00e4\u00e4n parhaiten sopivan opiskelijan tai tiimin. Yritys voi halutessaan osallistua valintaan.<br><br>Opiskelijat viev\u00e4t projektia eteenp\u00e4in Koodariverstaan tuella, ja yritys seuraa etenemist\u00e4 sovitussa roolissa. Lopputuloksena saat konkreettisen tuotoksen, joka vastaa tavoitteitasi ja tukee yrityksesi kehitt\u00e4mist\u00e4.<br><br>Helppoa eik\u00f6 vain?<\/p><\/div><\/div>\n\n\n\n<div class=\"tpgb-wrap-928ad40a_579 tpgb-position-relative tpgb-tab-position-relative tpgb-mobile-position-relative\"><div class=\"wp-block-tpgb-tp-image tpgb-image tpgb-block-928ad40a_579\"><figure class=\"tpgb-figure\"><img decoding=\"async\" src=\"https:\/\/koodariverstas.memorylab.fi\/wp-content\/uploads\/2024\/11\/f5111432c16c2fd89ee5054686f0a438.png\" alt=\"\" class=\"tpgb-img-inner wp-image-undefined\" loading=\"lazy\"\/><\/figure><\/div><\/div>\n\n<\/div>\n\n\n<div class=\"wp-block-tpgb-tp-button-core tp-button-core tpgb-block-377a_579\"><a href=\"https:\/\/koodariverstas.memorylab.fi\/?page_id=734\" target=\"_self\" rel=\"follow noopener\" class=\"tpgb-btn-link\"><span class=\"tpgb-btn-wrap\"><span class=\"tpgb-btn-txt\">Ota Yhteytt\u00e4!<\/span><\/span><\/a><\/div>\n\n<\/div>\n\n<div  class=\"tpgb-container-row tpgb-block-e1775c61_579    alignfull  tpgb-container-inline  tpgb-container-full \" data-id=\"e1775c61_579 \"   >\n<div  class=\"tpgb-container-row tpgb-block-e66d314d_579    alignfull  tpgb-container-inline  tpgb-container-full \" data-id=\"e66d314d_579 \"   >\n\n<span class=\"wp-block-tpgb-tp-heading tp-core-heading tpgb-block-cdafe475_579  wp-block-heading\">Mit\u00e4 koodariverstas tekee?<\/span>\n\n\n\n<div class=\"tpgb-pro-paragraph tpgb-block-1059b974_579\"><div class=\"pro-paragraph-inner\"><p>Etsiik\u00f6 yrityksesi valmista pakettia erilaisten haasteiden ratkaisemiseksi? Junnaako logistiikka ja varastojen hallinta on haastavaa? Haluaisitko hy\u00f6dynt\u00e4\u00e4 valmiita ja edullisia ratkaisuita yrityksesi toiminnassa? Koodariverstaan avulla voit saada tietoa ja ratkaisuita yrityksesi tarpeisiin, koodariverstas etsii ja m\u00e4\u00e4ritt\u00e4\u00e4 avoimen l\u00e4hdekoodin palveluita jokaisen yrityksen tarpeeseen.<\/p><\/div><\/div>\n\n\n<div  class=\"tpgb-container-row tpgb-block-3efc791c_579    alignfull  tpgb-container-inline  tpgb-container-full \" data-id=\"3efc791c_579 \"   >\n\n<div class=\"tpgb-pro-paragraph tpgb-block-e4541f87_579\"><div class=\"pro-paragraph-inner\"><p>Koodariverstaan tavoitteena on luoda pysyvi\u00e4 yhteyksi\u00e4 opiskelijoiden ja yritysten v\u00e4lill\u00e4, haluamme helpottaa opiskelijoiden ty\u00f6llistymist\u00e4 IT-alalla ja vahvistaa yritysten luottamusta opiskelijoihin. Koodariverstaassa opiskelijat muodostavat kehitystiimej\u00e4, jotka kehitt\u00e4v\u00e4t yritysten toimeksiantojen mukaan ohjelmistotuotteita.<\/p><\/div><\/div>\n\n\n\n<div class=\"wp-block-tpgb-tp-button-core tp-button-core tpgb-block-6e9b_579\"><a href=\"https:\/\/koodariverstas.memorylab.fi\/?page_id=833\" target=\"_self\" rel=\"follow noopener\" class=\"tpgb-btn-link\"><span class=\"tpgb-btn-wrap\"><span class=\"tpgb-btn-txt\">Lue lis\u00e4\u00e4<\/span><\/span><\/a><\/div>\n\n<\/div>\n<\/div>\n<\/div>\n\n\n<div class=\"tp-blockquote tpgb-relative-block tpgb-block-22c7_579\"><div class=\"tpgb-blockquote-inner tpgb-quote-style-2\"><span class=\"tpgb-quote-left\"><i class=\"fas fa-quote-left\"><\/i><\/span><blockquote class=\"tpgb-quote-text\"><div class=\"quote-text-wrap\"><span class=\"quote-text\">Koodariverstaalla on ollut hyvin helppoa ja mukavaa olla ty\u00f6harjoittelussa. Ty\u00f6 oli minulle hyvin mieleist\u00e4 ja mielenkiintoista. Opin paljon uutta ja n\u00e4it\u00e4 opittuja taitoja voin hy\u00f6dynt\u00e4\u00e4 tulevaisuudessa.<\/span><\/div><div class=\"tpgb-quote-author\">Ville, Koodariverstaan harjoittelija, 2024<\/div><\/blockquote><\/div><\/div>\n\n\n<div  class=\"tpgb-container-row tpgb-block-a217a6f3_579    alignfull  tpgb-container-inline  tpgb-container-full \" data-id=\"a217a6f3_579 \"   >\n\n<span class=\"wp-block-tpgb-tp-heading tp-core-heading tpgb-block-5685050b_579  wp-block-heading\">Palvelumme<\/span>\n\n\n<div  class=\"tpgb-container-row tpgb-block-7397fbe0_579    alignfull  tpgb-container-inline  tpgb-container-full \" data-id=\"7397fbe0_579 \"   >\n\n<div class=\"tpgb-wrap-da4fa8b1_579 tpgb-position-relative tpgb-tab-position-relative tpgb-mobile-position-relative\"><div class=\"wp-block-tpgb-tp-image tpgb-image tpgb-block-da4fa8b1_579\"><figure class=\"tpgb-figure\"><img decoding=\"async\" src=\"https:\/\/koodariverstas.memorylab.fi\/wp-content\/uploads\/2024\/11\/282b48614ea682ba1547e583d025530a.png\" alt=\"\" class=\"tpgb-img-inner wp-image-undefined\" loading=\"lazy\"\/><\/figure><\/div><\/div>\n\n\n<div  class=\"tpgb-container-row tpgb-block-415b40c5_579    alignfull  tpgb-container-inline  tpgb-container-full \" data-id=\"415b40c5_579 \"   >\n\n<div class=\"tpgb-pro-paragraph tpgb-block-5c7305ab_579\"><div class=\"pro-paragraph-inner\"><p>Koodariverstas on yksinkertainen ja joustava palvelu, joka tuo yhteen yrityksesi ja opiskelijat. <br><br>Meill\u00e4 on laaja valikoima palveluja, jotka auttavat edist\u00e4m\u00e4\u00e4n projektejasi ja kehitt\u00e4m\u00e4\u00e4n liiketoimintaasi. Voit hy\u00f6dynt\u00e4\u00e4 palveluitamme yrityksesi tarpeisiin. <br><br>Tarjoamamme palveluita ovat:<br><br><strong>Koodaus-, testaus- ja selvitysteht\u00e4v\u00e4t:<\/strong> Meill\u00e4 on asiantuntevia opiskelijoita, jotka voivat ottaa hoitaakseen teknisi\u00e4 teht\u00e4vi\u00e4 ja selvityksi\u00e4, joita ei ole ehditty tehd\u00e4.<br><br><strong>Ideointi ja konseptointi:<\/strong> Opiskelijat tuovat raikkaita, uusia ideoita tuotteistukseen, markkinointiin ja liiketoiminnan kehitt\u00e4miseen.<br><br><strong>Projektien ja kurssien yhdist\u00e4minen:<\/strong> Me voimme yhdist\u00e4\u00e4 yrityksesi projekteja opiskelijoiden kurssiteht\u00e4viin, jolloin saatte valmista ty\u00f6el\u00e4m\u00e4relevanttia tuotosta.<br><\/p><\/div><\/div>\n\n\n\n<div class=\"tpgb-pro-paragraph tpgb-block-59baaf90_579\"><\/div>\n\n<\/div>\n<\/div>\n\n\n<div class=\"wp-block-tpgb-tp-button-core tp-button-core tpgb-block-8c0d_579\"><a href=\"https:\/\/koodariverstas.memorylab.fi\/?page_id=1926\" target=\"_self\" rel=\"follow noopener\" class=\"tpgb-btn-link\"><span class=\"tpgb-btn-wrap\"><span class=\"tpgb-btn-txt\">Lue Lis\u00e4\u00e4<\/span><\/span><\/a><\/div>\n\n<\/div>\n<\/div>","protected":false},"excerpt":{"rendered":"","protected":false},"author":5,"featured_media":0,"parent":0,"menu_order":0,"comment_status":"closed","ping_status":"closed","template":"wp-custom-template-koodariverstas-front-page-template","meta":{"tpgb_global_settings":"","footnotes":""},"class_list":["post-579","page","type-page","status-publish","hentry"],"tpgb_featured_images":null,"tpgb_post_meta_info":{"get_date":"15 November 2024","get_modified_date":"16 May 2025","author_name":"Niko Laurila","author_url":"https:\/\/koodariverstas.memorylab.fi\/?author=5","author_email":"niko.laurila@xamk.fi","author_website":"","author_description":"","author_facebook":"","author_twitter":"","author_instagram":"","author_role":["administrator"],"author_firstname":"Niko","author_lastname":"Laurila","user_login":"niko.laurila","author_avatar":"<img alt='' src='https:\/\/secure.gravatar.com\/avatar\/8dd369d5a127b99ee4d0f682d72b7c4542de6d18868c2e0a3a5d6cebf1e60f73?s=200&#038;d=mm&#038;r=g' srcset='https:\/\/secure.gravatar.com\/avatar\/8dd369d5a127b99ee4d0f682d72b7c4542de6d18868c2e0a3a5d6cebf1e60f73?s=400&#038;d=mm&#038;r=g 2x' class='avatar avatar-200 photo' height='200' width='200' loading='lazy' decoding='async'\/>","author_avatar_url":"https:\/\/secure.gravatar.com\/avatar\/8dd369d5a127b99ee4d0f682d72b7c4542de6d18868c2e0a3a5d6cebf1e60f73?s=96&d=mm&r=g","comment_count":0,"post_likes":0,"post_views":0},"tpgb_post_category":[],"_links":{"self":[{"href":"https:\/\/koodariverstas.memorylab.fi\/index.php?rest_route=\/wp\/v2\/pages\/579","targetHints":{"allow":["GET"]}}],"collection":[{"href":"https:\/\/koodariverstas.memorylab.fi\/index.php?rest_route=\/wp\/v2\/pages"}],"about":[{"href":"https:\/\/koodariverstas.memorylab.fi\/index.php?rest_route=\/wp\/v2\/types\/page"}],"author":[{"embeddable":true,"href":"https:\/\/koodariverstas.memorylab.fi\/index.php?rest_route=\/wp\/v2\/users\/5"}],"replies":[{"embeddable":true,"href":"https:\/\/koodariverstas.memorylab.fi\/index.php?rest_route=%2Fwp%2Fv2%2Fcomments&post=579"}],"version-history":[{"count":122,"href":"https:\/\/koodariverstas.memorylab.fi\/index.php?rest_route=\/wp\/v2\/pages\/579\/revisions"}],"predecessor-version":[{"id":1987,"href":"https:\/\/koodariverstas.memorylab.fi\/index.php?rest_route=\/wp\/v2\/pages\/579\/revisions\/1987"}],"wp:attachment":[{"href":"https:\/\/koodariverstas.memorylab.fi\/index.php?rest_route=%2Fwp%2Fv2%2Fmedia&parent=579"}],"curies":[{"name":"wp","href":"https:\/\/api.w.org\/{rel}","templated":true}]}}