{"id":2079,"date":"2025-08-22T09:48:04","date_gmt":"2025-08-22T06:48:04","guid":{"rendered":"https:\/\/koodariverstas.memorylab.fi\/?page_id=2079"},"modified":"2025-12-02T15:16:27","modified_gmt":"2025-12-02T13:16:27","slug":"open-projects","status":"publish","type":"page","link":"https:\/\/koodariverstas.memorylab.fi\/?page_id=2079&lang=en","title":{"rendered":"Open projects"},"content":{"rendered":"\n<p class=\"has-text-align-center has-xx-large-font-size\">Open projects<\/p>\n\n\n\n<div style=\"height:32px\" aria-hidden=\"true\" class=\"wp-block-spacer\"><\/div>\n\n\n<div  class=\"tpgb-container-row tpgb-block-98f6_2079    alignfull  tpgb-container-inline  tpgb-container-wide \" data-id=\"98f6_2079 \"   ><div class=\"tpgb-cont-in\">\n\n<p class=\"has-text-align-center has-medium-font-size\">This page acts as a list of all current projects that are available for students who aren&#8217;t native in finnish<\/p>\n\n\n\n<div style=\"height:51px\" aria-hidden=\"true\" class=\"wp-block-spacer\"><\/div>\n\n\n<div class=\"tpgb-infobox tpgb-relative-block tpgb-trans-linear tpgb-block-2f99_2079  info-box-style-1 \" ><div class=\"post-inner-loop \"><div class=\"info-box-inner tpgb-trans-linear tpgb_cnt_hvr_effect tpgb-relative-block tp-info-nc cnt_hvr_\"><div class=\"info-box-bg-box tpgb-trans-linear \"><div class=\"service-media text-left \"><div class=\"m-r-16 style-1  \"><div class=\"info-icon-content\"><div class=\"info-pin-text tpgb-trans-easeinout\">Avoinna<\/div><div class=\"service-icon-wrap tpgb-trans-linear\"><span class=\"service-icon tpgb-trans-linear  icon-none\"><i class=\"fas fa-wrench\"><\/i><\/span><\/div><\/div><\/div><div class=\"service-content\"><div class=\"service-title tpgb-trans-linear\"><strong>Interested in WordPress and web development? Create an impressive webpage for a gaming company.<\/strong> (Happines Games Oy)<\/div><div class=\"service-desc tpgb-trans-linear\"><br>This project can be completed as an internship or an independent study project. This project is run by Happiness Games, and your participation will be a great help for them. Koodariverstas will act in a supporting role.<br>This assignment will give the intern practical experience in WordPress website design, development, and optimization. The selected intern will assist with creating and customizing pages, improving usability, and ensuring the site supports the overall digital strategy.<br>\u00a0<br><strong>Your responsibilities will include:<\/strong><br>Design and develop website pages using WordPress<br>Customize themes and layouts to match brand guidelines<br>Optimize site performance and usability<br>Implement basic SEO practices for better visibility<br>Ensure mobile responsiveness and accessibility<br>5 credits \/ 1 months depending on workload \/ availability<br>The position will be filled as soon as a suitable candidate is found<br>Optionally: this can be combined with the social media &amp; digital marketing internship<br><br>Lis\u00e4tietoja\/Hakemukset:<br>Terhi Patja<br>Projektip\u00e4\u00e4llikk\u00f6, Koodariverstas<br><a href=\"mailto:terhi.patja@xamk.fi\">terhi.patja@xamk.fi<\/a><br>+358 50 440 8655<br>\u00a0<\/div><\/div><\/div><\/div><div class=\"infobox-overlay-color tpgb-trans-linear\"><\/div><\/div><\/div><\/div>\n\n\n<div style=\"height:51px\" aria-hidden=\"true\" class=\"wp-block-spacer\"><\/div>\n\n\n<div class=\"tpgb-infobox tpgb-relative-block tpgb-trans-linear tpgb-block-2f99_2079  info-box-style-1 \" ><div class=\"post-inner-loop \"><div class=\"info-box-inner tpgb-trans-linear tpgb_cnt_hvr_effect tpgb-relative-block tp-info-nc cnt_hvr_\"><div class=\"info-box-bg-box tpgb-trans-linear \"><div class=\"service-media text-left \"><div class=\"m-r-16 style-1  \"><div class=\"info-icon-content\"><div class=\"info-pin-text tpgb-trans-easeinout\">Open<\/div><div class=\"service-icon-wrap tpgb-trans-linear\"><span class=\"service-icon tpgb-trans-linear  icon-none\"><i class=\"fas fa-wrench\"><\/i><\/span><\/div><\/div><\/div><div class=\"service-content\"><div class=\"service-title tpgb-trans-linear\"> Join a project focused on social media strategy and content management! (Happiness Games Oy)<\/div><div class=\"service-desc tpgb-trans-linear\"><br>This project can be completed as an internship or an independent study project. This project is run by Happiness Games, and your participation will be a great help for them. Koodariverstas will act in a supporting role.<br><br>This assignment will give the intern practical experience in social media platform research, content planning, and service design. The selected intern will assist with identifying and evaluating the best social media platforms, developing the social media strategy, creating, and scheduling posts using ready-made templates, and suggesting improvements for engagement.<br>\u00a0<br>Your responsibilities will include:<br>Evaluate the best social media platforms for our target audience (18\u201340 years old)<br>Developing the social media strategy and plan<br>Use service design theory in practice for creating user profiles (personas) to understand audience needs and preferences<br>Use existing content templates to create and publish posts according to the plan<br>Ensure content aligns with the target audience<br><br>5\u201310 credits \/ 1\u20132 months depending on workload \/ availability<br>The position will be filled as soon as a suitable candidate is found<br><br>Lis\u00e4tietoja\/Hakemukset:<br>Terhi Patja<br>Projektip\u00e4\u00e4llikk\u00f6, Koodariverstas<br><a href=\"mailto:terhi.patja@xamk.fi\">terhi.patja@xamk.fi<\/a><br>+358 50 440 8655<br>\u00a0<\/div><\/div><\/div><\/div><div class=\"infobox-overlay-color tpgb-trans-linear\"><\/div><\/div><\/div><\/div>\n\n\n<div style=\"height:51px\" aria-hidden=\"true\" class=\"wp-block-spacer\"><\/div>\n\n\n<div class=\"tpgb-infobox tpgb-relative-block tpgb-trans-linear tpgb-block-73f5_2079  info-box-style-1 \" ><div class=\"post-inner-loop \"><div class=\"info-box-inner tpgb-trans-linear tpgb_cnt_hvr_effect tpgb-relative-block tp-info-nc cnt_hvr_\"><div class=\"info-box-bg-box tpgb-trans-linear \"><div class=\"service-media text-left \"><div class=\"m-r-16 style-1  \"><div class=\"info-icon-content\"><div class=\"info-pin-text tpgb-trans-easeinout\">ongoing<\/div><div class=\"service-icon-wrap tpgb-trans-linear\"><span class=\"service-icon tpgb-trans-linear  icon-none\"><i class=\"fas fa-wrench\"><\/i><\/span><\/div><\/div><\/div><div class=\"service-content\"><div class=\"service-title tpgb-trans-linear\">Game development: Quality assurance<\/div><div class=\"service-desc tpgb-trans-linear\">This assignment will give you hands-on experience in game quality assurance, bug reporting, and improvement suggestions for a real-world gaming product launch, while working closely with their development team. <br><br>The selected intern will assist with testing and debugging tasks related to their first game, Scram!, which is a fun roll-and-write word game for players of all ages. They are launching the online multiplayer version as a mobile app for both Android and Apple devices (Android first). <br><br>Your responsibilities will include:<br>\u2022\tGet to know the game and mechanics<br>\u2022\tPlan test cases and scenarios.<br>\u2022\tSystematically test the online version of Scram! to identify gameplay, performance, and usability issues<br>\u2022\tProvide constructive feedback on gameplay, user experience, and features, suggesting ideas to enhance overall quality<br>\u2022\tCreate clear and structured bug reports, including reproduction steps and impact level, to help the team resolve issues efficiently<br>\u2022\tAdditionally, the intern can assist bug fixing\/improvements<br>\u2022\tAdditionally, the intern can participate to multiplayer plan testing event.<br><br>\u2022\t5-10 credits \/1-2 months depending on workload \/ availability<br><br><strong>The position will be filled as soon as a suitable candidate is found.<\/strong><br>More information \/ Applications:<br>Terhi Patja<br>Project Manager, Koodariverstas<br>terhi.patja@xamk.fi<br>+358 50 440 8655<\/div><\/div><\/div><\/div><div class=\"infobox-overlay-color tpgb-trans-linear\"><\/div><\/div><\/div><\/div>\n<\/div><\/div>\n\n\n<div style=\"height:51px\" aria-hidden=\"true\" class=\"wp-block-spacer\"><\/div>\n\n\n<div  class=\"tpgb-container-row tpgb-block-bd69_2079    alignwide  tpgb-container-inline  tpgb-container-wide \" data-id=\"bd69_2079 \"   ><div class=\"tpgb-cont-in\">\n\n<details class=\"wp-block-details is-layout-flow wp-block-details-is-layout-flow\"><summary>Closed projects<\/summary>\n<div style=\"height:51px\" aria-hidden=\"true\" class=\"wp-block-spacer\"><\/div>\n\n\n<div class=\"tpgb-infobox tpgb-relative-block tpgb-trans-linear tpgb-block-d615_2079  info-box-style-1 \" ><div class=\"post-inner-loop \"><div class=\"info-box-inner tpgb-trans-linear tpgb_cnt_hvr_effect tpgb-relative-block tp-info-nc cnt_hvr_\"><div class=\"info-box-bg-box tpgb-trans-linear \"><div class=\"service-media text-left \"><div class=\"m-r-16 style-1  \"><div class=\"info-icon-content\"><div class=\"info-pin-text tpgb-trans-easeinout\">Closed<\/div><div class=\"service-icon-wrap tpgb-trans-linear\"><span class=\"service-icon tpgb-trans-linear  icon-none\"><i class=\"fab fa-angellist\"><\/i><\/span><\/div><\/div><\/div><div class=\"service-content\"><div class=\"service-title tpgb-trans-linear\">Placeholder text<\/div><div class=\"service-desc tpgb-trans-linear\">Demo text for the infobox. Used for archiving purposes<\/div><\/div><\/div><\/div><div class=\"infobox-overlay-color tpgb-trans-linear\"><\/div><\/div><\/div><\/div><\/details>\n\n<\/div><\/div>\n\n\n<div style=\"height:51px\" aria-hidden=\"true\" class=\"wp-block-spacer\"><\/div>\n","protected":false},"excerpt":{"rendered":"<p>Open projects<\/p>\n","protected":false},"author":5,"featured_media":0,"parent":0,"menu_order":0,"comment_status":"closed","ping_status":"closed","template":"wp-custom-template-koodariverstas-header-ilman-heroa-englanniksi","meta":{"tpgb_global_settings":"","footnotes":""},"class_list":["post-2079","page","type-page","status-publish","hentry"],"tpgb_featured_images":null,"tpgb_post_meta_info":{"get_date":"22 August 2025","get_modified_date":"2 December 2025","author_name":"Niko Laurila","author_url":"https:\/\/koodariverstas.memorylab.fi\/?author=5","author_email":"niko.laurila@xamk.fi","author_website":"","author_description":"","author_facebook":"","author_twitter":"","author_instagram":"","author_role":["administrator"],"author_firstname":"Niko","author_lastname":"Laurila","user_login":"niko.laurila","author_avatar":"<img alt='' src='https:\/\/secure.gravatar.com\/avatar\/8dd369d5a127b99ee4d0f682d72b7c4542de6d18868c2e0a3a5d6cebf1e60f73?s=200&#038;d=mm&#038;r=g' srcset='https:\/\/secure.gravatar.com\/avatar\/8dd369d5a127b99ee4d0f682d72b7c4542de6d18868c2e0a3a5d6cebf1e60f73?s=400&#038;d=mm&#038;r=g 2x' class='avatar avatar-200 photo' height='200' width='200' loading='lazy' decoding='async'\/>","author_avatar_url":"https:\/\/secure.gravatar.com\/avatar\/8dd369d5a127b99ee4d0f682d72b7c4542de6d18868c2e0a3a5d6cebf1e60f73?s=96&d=mm&r=g","comment_count":0,"post_likes":0,"post_views":0},"tpgb_post_category":[],"_links":{"self":[{"href":"https:\/\/koodariverstas.memorylab.fi\/index.php?rest_route=\/wp\/v2\/pages\/2079","targetHints":{"allow":["GET"]}}],"collection":[{"href":"https:\/\/koodariverstas.memorylab.fi\/index.php?rest_route=\/wp\/v2\/pages"}],"about":[{"href":"https:\/\/koodariverstas.memorylab.fi\/index.php?rest_route=\/wp\/v2\/types\/page"}],"author":[{"embeddable":true,"href":"https:\/\/koodariverstas.memorylab.fi\/index.php?rest_route=\/wp\/v2\/users\/5"}],"replies":[{"embeddable":true,"href":"https:\/\/koodariverstas.memorylab.fi\/index.php?rest_route=%2Fwp%2Fv2%2Fcomments&post=2079"}],"version-history":[{"count":16,"href":"https:\/\/koodariverstas.memorylab.fi\/index.php?rest_route=\/wp\/v2\/pages\/2079\/revisions"}],"predecessor-version":[{"id":2233,"href":"https:\/\/koodariverstas.memorylab.fi\/index.php?rest_route=\/wp\/v2\/pages\/2079\/revisions\/2233"}],"wp:attachment":[{"href":"https:\/\/koodariverstas.memorylab.fi\/index.php?rest_route=%2Fwp%2Fv2%2Fmedia&parent=2079"}],"curies":[{"name":"wp","href":"https:\/\/api.w.org\/{rel}","templated":true}]}}