{"id":1926,"date":"2025-05-16T12:08:43","date_gmt":"2025-05-16T09:08:43","guid":{"rendered":"https:\/\/koodariverstas.memorylab.fi\/?page_id=1926"},"modified":"2025-05-16T12:08:43","modified_gmt":"2025-05-16T09:08:43","slug":"onnistumisia-koodariverstaassa","status":"publish","type":"page","link":"https:\/\/koodariverstas.memorylab.fi\/?page_id=1926","title":{"rendered":"Onnistumisia Koodariverstaassa"},"content":{"rendered":"<div  class=\"tpgb-container-row tpgb-block-f17d_1926    alignwide  tpgb-container-inline  tpgb-container-wide \" data-id=\"f17d_1926 \"   ><div class=\"tpgb-cont-in\">\n\n<p class=\"has-text-align-center has-xx-large-font-size\">Onnistumisia Koodariverstaassa!<\/p>\n\n\n\n<p class=\"has-text-align-center has-large-font-size\">Koodariverstaassa opiskelijat p\u00e4\u00e4sev\u00e4t toteuttamaan oikeita toimeksiantoja yritysten toimesta. Koodariverstas toimii opiskelijan ja yrityksen v\u00e4liss\u00e4, ja edesauttaa opiskelijan selviytymist\u00e4 sovituista ty\u00f6teht\u00e4vist\u00e4. <\/p>\n\n\n\n<p class=\"has-text-align-center has-large-font-size\">Tutustu jo toteutettuihin projekteihin joita koodariverstaan kautta on toteutettu!<\/p>\n\n\n\n<p class=\"has-text-align-center has-large-font-size\">Kuulet my\u00f6s koodariverstaan opiskelijoiden kokemuksia ty\u00f6skentelyst\u00e4 yritysten toimeksiantojen parissa.<\/p>\n\n<\/div><\/div>\n\n\n<div class=\"wp-block-media-text is-stacked-on-mobile has-base-2-background-color has-background\" style=\"margin-top:var(--wp--preset--spacing--20);margin-right:var(--wp--preset--spacing--40);margin-bottom:var(--wp--preset--spacing--20);margin-left:var(--wp--preset--spacing--40);padding-top:var(--wp--preset--spacing--20);padding-right:var(--wp--preset--spacing--60);padding-bottom:var(--wp--preset--spacing--20);padding-left:var(--wp--preset--spacing--60);grid-template-columns:28% auto\"><figure class=\"wp-block-media-text__media\"><img loading=\"lazy\" decoding=\"async\" width=\"1024\" height=\"683\" src=\"https:\/\/koodariverstas.memorylab.fi\/wp-content\/uploads\/2025\/05\/Koodariverstas-51-1024x683.jpg\" alt=\"\" class=\"wp-image-1957 size-large\" srcset=\"https:\/\/koodariverstas.memorylab.fi\/wp-content\/uploads\/2025\/05\/Koodariverstas-51-1024x683.jpg 1024w, https:\/\/koodariverstas.memorylab.fi\/wp-content\/uploads\/2025\/05\/Koodariverstas-51-300x200.jpg 300w, https:\/\/koodariverstas.memorylab.fi\/wp-content\/uploads\/2025\/05\/Koodariverstas-51-768x512.jpg 768w, https:\/\/koodariverstas.memorylab.fi\/wp-content\/uploads\/2025\/05\/Koodariverstas-51-1536x1025.jpg 1536w\" sizes=\"auto, (max-width: 1024px) 100vw, 1024px\" \/><\/figure><div class=\"wp-block-media-text__content\">\n<p class=\"has-x-large-font-size\">Ohjelmistotestausta osana opintoja<\/p>\n\n\n\n<p style=\"font-size:clamp(0.929rem, 0.929rem + ((1vw - 0.2rem) * 0.589), 1.4rem);\">Kurssin sis\u00e4lt\u00f6 keskittyi ohjelmistotestauksen perusteisiin, testauksen suunnitteluun ja k\u00e4yt\u00e4nn\u00f6n toteutukseen. Opiskelijat ty\u00f6skenteliv\u00e4t asiakasyrityksen kehitt\u00e4m\u00e4n tuotteen parissa, jossa he harjoittelivat testauksen suunnittelua, itse testaamista sek\u00e4 testaustulosten analysointia.<\/p>\n\n\n\n<p style=\"font-size:clamp(0.929rem, 0.929rem + ((1vw - 0.2rem) * 0.589), 1.4rem);\">Lis\u00e4ksi he antoivat kehitysehdotuksia tuotteen parantamiseksi. Kurssiteht\u00e4v\u00e4 suoritettiin yksil\u00f6ty\u00f6n\u00e4, ja opiskelijoiden testaustulokset ja suositukset toimitettiin asiakasyrityksen k\u00e4ytt\u00f6\u00f6n.<\/p>\n<\/div><\/div>\n\n\n\n<div class=\"tp-blockquote tpgb-relative-block tpgb-block-8c37_1926\"><div class=\"tpgb-blockquote-inner tpgb-quote-style-2\"><span class=\"tpgb-quote-left\"><i class=\"fas fa-quote-left\"><\/i><\/span><blockquote class=\"tpgb-quote-text\"><div class=\"quote-text-wrap\"><span class=\"quote-text\">Erityisen arvokkaana pid\u00e4n sit\u00e4, ett\u00e4 sain ty\u00f6skennell\u00e4 ammattitaitoisten ihmisten kanssa, jotka olivat aina valmiita auttamaan ja jakamaan omaa osaamistaan.<\/span><\/div><div class=\"tpgb-quote-author\">Anna, Koodariverstaan harjoittelija, 2025<\/div><\/blockquote><\/div><\/div>\n\n\n\n<div class=\"wp-block-media-text has-media-on-the-right is-stacked-on-mobile has-base-2-background-color has-background\" style=\"margin-top:var(--wp--preset--spacing--20);margin-right:var(--wp--preset--spacing--40);margin-bottom:var(--wp--preset--spacing--20);margin-left:var(--wp--preset--spacing--40);padding-top:var(--wp--preset--spacing--20);padding-right:var(--wp--preset--spacing--60);padding-bottom:var(--wp--preset--spacing--20);padding-left:var(--wp--preset--spacing--60);grid-template-columns:auto 30%\"><div class=\"wp-block-media-text__content\">\n<p class=\"has-text-align-left has-x-large-font-size\">Yhten\u00e4inen ulkoasu koti- ja wiki-sivustolle<\/p>\n\n\n\n<p class=\"has-text-align-left\" style=\"font-size:clamp(0.929rem, 0.929rem + ((1vw - 0.2rem) * 0.589), 1.4rem);\">Opiskelija suunnitteli ja toteutti kotisivujen ulkoasun valmiin graafisen suunnitelman pohjalta. Kotisivujen valmistuttua h\u00e4n uudisti my\u00f6s wiki-sivuston ulkoasun hy\u00f6dynt\u00e4en samaa graafista suunnitelmaa.<\/p>\n\n\n\n<p class=\"has-text-align-left\" style=\"font-size:clamp(0.929rem, 0.929rem + ((1vw - 0.2rem) * 0.589), 1.4rem);\">Teht\u00e4v\u00e4\u00e4n kuului lis\u00e4ksi wiki-sivuston kehitt\u00e4minen, joka oli toteutettu Quarto-alustalle. Tavoitteena oli luoda visuaalisesti yhten\u00e4inen ja toimiva kokonaisuus, joka paransi k\u00e4ytt\u00e4j\u00e4kokemusta molemmilla alustoilla.<\/p>\n<\/div><figure class=\"wp-block-media-text__media\"><img loading=\"lazy\" decoding=\"async\" width=\"1024\" height=\"683\" src=\"https:\/\/koodariverstas.memorylab.fi\/wp-content\/uploads\/2025\/05\/Koodariverstas-58-1024x683.jpg\" alt=\"\" class=\"wp-image-1972 size-large\" srcset=\"https:\/\/koodariverstas.memorylab.fi\/wp-content\/uploads\/2025\/05\/Koodariverstas-58-1024x683.jpg 1024w, https:\/\/koodariverstas.memorylab.fi\/wp-content\/uploads\/2025\/05\/Koodariverstas-58-300x200.jpg 300w, https:\/\/koodariverstas.memorylab.fi\/wp-content\/uploads\/2025\/05\/Koodariverstas-58-768x512.jpg 768w, https:\/\/koodariverstas.memorylab.fi\/wp-content\/uploads\/2025\/05\/Koodariverstas-58-1536x1025.jpg 1536w\" sizes=\"auto, (max-width: 1024px) 100vw, 1024px\" \/><\/figure><\/div>\n\n\n\n<div class=\"tp-blockquote tpgb-relative-block tpgb-block-a4c5_1926\"><div class=\"tpgb-blockquote-inner tpgb-quote-style-2\"><span class=\"tpgb-quote-left\"><i class=\"fas fa-quote-left\"><\/i><\/span><blockquote class=\"tpgb-quote-text\"><div class=\"quote-text-wrap\"><span class=\"quote-text\">Ty\u00f6teht\u00e4v\u00e4t veiv\u00e4t menness\u00e4\u00e4n l\u00e4hes alusta l\u00e4htien, ja oli mukavaa p\u00e4\u00e4st\u00e4 k\u00e4siksi ns. oikeisiin t\u00f6ihin alusta l\u00e4htien.<\/span><\/div><div class=\"tpgb-quote-author\">Anna, Koodariverstaan harjoittelija, 2025<\/div><\/blockquote><\/div><\/div>\n\n\n\n<div class=\"wp-block-media-text is-stacked-on-mobile has-base-2-background-color has-background\" style=\"margin-top:var(--wp--preset--spacing--20);margin-right:var(--wp--preset--spacing--40);margin-bottom:var(--wp--preset--spacing--20);margin-left:var(--wp--preset--spacing--40);padding-top:var(--wp--preset--spacing--20);padding-right:var(--wp--preset--spacing--60);padding-bottom:var(--wp--preset--spacing--20);padding-left:var(--wp--preset--spacing--60);grid-template-columns:30% auto\"><figure class=\"wp-block-media-text__media\"><img loading=\"lazy\" decoding=\"async\" width=\"1024\" height=\"636\" src=\"https:\/\/koodariverstas.memorylab.fi\/wp-content\/uploads\/2025\/05\/Koodariverstas-2-1024x636.jpg\" alt=\"\" class=\"wp-image-1985 size-large\" srcset=\"https:\/\/koodariverstas.memorylab.fi\/wp-content\/uploads\/2025\/05\/Koodariverstas-2-1024x636.jpg 1024w, https:\/\/koodariverstas.memorylab.fi\/wp-content\/uploads\/2025\/05\/Koodariverstas-2-300x186.jpg 300w, https:\/\/koodariverstas.memorylab.fi\/wp-content\/uploads\/2025\/05\/Koodariverstas-2-768x477.jpg 768w, https:\/\/koodariverstas.memorylab.fi\/wp-content\/uploads\/2025\/05\/Koodariverstas-2-1536x954.jpg 1536w, https:\/\/koodariverstas.memorylab.fi\/wp-content\/uploads\/2025\/05\/Koodariverstas-2-2048x1271.jpg 2048w\" sizes=\"auto, (max-width: 1024px) 100vw, 1024px\" \/><\/figure><div class=\"wp-block-media-text__content\">\n<p class=\"has-text-align-left has-x-large-font-size\">Palvelumuotoilu konseptoinnin apuna<\/p>\n\n\n\n<p class=\"has-text-align-left\" style=\"font-size:clamp(0.929rem, 0.929rem + ((1vw - 0.2rem) * 0.589), 1.4rem);\">Opiskelijan teht\u00e4v\u00e4n\u00e4 oli tehd\u00e4 palvelumuotoilua asiakkaan palvelukonseptille, joka oli viel\u00e4 suunnitteluvaiheessa. Teht\u00e4v\u00e4ss\u00e4 keskityttiin erityisesti palvelun kanvaasien ty\u00f6st\u00e4miseen, jotka auttavat j\u00e4sent\u00e4m\u00e4\u00e4n palvelun keskeiset osat ja varmistamaan sen toimivuuden kokonaisuudessaan.<\/p>\n\n\n\n<p class=\"has-text-align-left\" style=\"font-size:clamp(0.929rem, 0.929rem + ((1vw - 0.2rem) * 0.589), 1.4rem);\">Kanvaasit toimivat ty\u00f6kaluna, joiden avulla palvelun eri elementit saadaan selkeytetty\u00e4 ja optimoitua tehokasta toteutusta varten.<\/p>\n<\/div><\/div>\n\n\n\n<p class=\"has-text-align-center\" style=\"margin-top:var(--wp--preset--spacing--10);margin-bottom:var(--wp--preset--spacing--10)\">Her\u00e4sik\u00f6 kiinnostus? Ota meihin rohkeasti yhteytt\u00e4!<\/p>\n\n\n\n<div class=\"wp-block-tpgb-tp-button-core tp-button-core tpgb-block-6911_1926\"><a href=\"https:\/\/koodariverstas.memorylab.fi\/?page_id=734\" target=\"_self\" rel=\"follow noopener\" class=\"tpgb-btn-link\"><span class=\"tpgb-btn-wrap\"><span class=\"tpgb-btn-txt\">Ota Yhteytt\u00e4<\/span><\/span><\/a><\/div>\n","protected":false},"excerpt":{"rendered":"<p>Ohjelmistotestausta osana opintoja Kurssin sis\u00e4lt\u00f6 keskittyi ohjelmistotestauksen perusteisiin, testauksen suunnitteluun ja k\u00e4yt\u00e4nn\u00f6n toteutukseen. Opiskelijat ty\u00f6skenteliv\u00e4t asiakasyrityksen kehitt\u00e4m\u00e4n tuotteen parissa, jossa he harjoittelivat testauksen suunnittelua, itse testaamista sek\u00e4 testaustulosten analysointia. Lis\u00e4ksi he antoivat kehitysehdotuksia tuotteen parantamiseksi. Kurssiteht\u00e4v\u00e4 suoritettiin yksil\u00f6ty\u00f6n\u00e4, ja opiskelijoiden testaustulokset ja suositukset toimitettiin asiakasyrityksen k\u00e4ytt\u00f6\u00f6n. Yhten\u00e4inen ulkoasu koti- ja wiki-sivustolle Opiskelija suunnitteli ja toteutti [&hellip;]<\/p>\n","protected":false},"author":5,"featured_media":0,"parent":0,"menu_order":0,"comment_status":"closed","ping_status":"closed","template":"wp-custom-template-koodariverstas-pohja-ilman-heroa-2","meta":{"tpgb_global_settings":"","footnotes":""},"class_list":["post-1926","page","type-page","status-publish","hentry"],"tpgb_featured_images":null,"tpgb_post_meta_info":{"get_date":"16 May 2025","get_modified_date":"16 May 2025","author_name":"Niko Laurila","author_url":"https:\/\/koodariverstas.memorylab.fi\/?author=5","author_email":"niko.laurila@xamk.fi","author_website":"","author_description":"","author_facebook":"","author_twitter":"","author_instagram":"","author_role":["administrator"],"author_firstname":"Niko","author_lastname":"Laurila","user_login":"niko.laurila","author_avatar":"<img alt='' src='https:\/\/secure.gravatar.com\/avatar\/8dd369d5a127b99ee4d0f682d72b7c4542de6d18868c2e0a3a5d6cebf1e60f73?s=200&#038;d=mm&#038;r=g' srcset='https:\/\/secure.gravatar.com\/avatar\/8dd369d5a127b99ee4d0f682d72b7c4542de6d18868c2e0a3a5d6cebf1e60f73?s=400&#038;d=mm&#038;r=g 2x' class='avatar avatar-200 photo' height='200' width='200' loading='lazy' decoding='async'\/>","author_avatar_url":"https:\/\/secure.gravatar.com\/avatar\/8dd369d5a127b99ee4d0f682d72b7c4542de6d18868c2e0a3a5d6cebf1e60f73?s=96&d=mm&r=g","comment_count":0,"post_likes":0,"post_views":0},"tpgb_post_category":[],"_links":{"self":[{"href":"https:\/\/koodariverstas.memorylab.fi\/index.php?rest_route=\/wp\/v2\/pages\/1926","targetHints":{"allow":["GET"]}}],"collection":[{"href":"https:\/\/koodariverstas.memorylab.fi\/index.php?rest_route=\/wp\/v2\/pages"}],"about":[{"href":"https:\/\/koodariverstas.memorylab.fi\/index.php?rest_route=\/wp\/v2\/types\/page"}],"author":[{"embeddable":true,"href":"https:\/\/koodariverstas.memorylab.fi\/index.php?rest_route=\/wp\/v2\/users\/5"}],"replies":[{"embeddable":true,"href":"https:\/\/koodariverstas.memorylab.fi\/index.php?rest_route=%2Fwp%2Fv2%2Fcomments&post=1926"}],"version-history":[{"count":37,"href":"https:\/\/koodariverstas.memorylab.fi\/index.php?rest_route=\/wp\/v2\/pages\/1926\/revisions"}],"predecessor-version":[{"id":1986,"href":"https:\/\/koodariverstas.memorylab.fi\/index.php?rest_route=\/wp\/v2\/pages\/1926\/revisions\/1986"}],"wp:attachment":[{"href":"https:\/\/koodariverstas.memorylab.fi\/index.php?rest_route=%2Fwp%2Fv2%2Fmedia&parent=1926"}],"curies":[{"name":"wp","href":"https:\/\/api.w.org\/{rel}","templated":true}]}}